{"id":101,"date":"2025-01-09T12:34:33","date_gmt":"2025-01-09T12:34:33","guid":{"rendered":"https:\/\/dev-faq.dacor.de\/?page_id=101"},"modified":"2025-01-27T09:14:28","modified_gmt":"2025-01-27T09:14:28","slug":"ich-habe-einen-l2-anschluss","status":"publish","type":"page","link":"https:\/\/dev-faq.dacor.de\/?page_id=101","title":{"rendered":"Ich habe einen l2 Anschluss"},"content":{"rendered":"\t\t<div data-elementor-type=\"wp-page\" data-elementor-id=\"101\" class=\"elementor elementor-101\">\n\t\t\t\t<div class=\"elementor-element elementor-element-c0fbd6c e-flex e-con-boxed e-con e-parent\" data-id=\"c0fbd6c\" data-element_type=\"container\">\n\t\t\t\t\t<div class=\"e-con-inner\">\n\t\t\t\t<div class=\"elementor-element elementor-element-03ede7e elementor-widget elementor-widget-heading\" data-id=\"03ede7e\" data-element_type=\"widget\" data-widget_type=\"heading.default\">\n\t\t\t\t<div class=\"elementor-widget-container\">\n\t\t\t\t\t<h2 class=\"elementor-heading-title elementor-size-default\">Dr\u00fccken sie bei Verbindungseinstellungen auf \"Verbindungseinstellungen \u00e4ndern\" und tragen Sie bei \"VLAN-ID\" 7 ein. Pr\u00fcfen Sie ob folgendes eingetragen ist: VPI 1 und VCI 32.<br><\/h2>\t\t\t\t<\/div>\n\t\t\t\t<\/div>\n\t\t\t\t<div class=\"elementor-element elementor-element-f1f7382 elementor-widget elementor-widget-image\" data-id=\"f1f7382\" data-element_type=\"widget\" data-widget_type=\"image.default\">\n\t\t\t\t<div class=\"elementor-widget-container\">\n\t\t\t\t\t\t\t\t\t\t\t\t\t\t\t<img decoding=\"async\" width=\"299\" height=\"76\" src=\"https:\/\/dev-faq.dacor.de\/wp-content\/uploads\/2025\/01\/vpi.png\" class=\"attachment-large size-large wp-image-118\" alt=\"\" \/>\t\t\t\t\t\t\t\t\t\t\t\t\t\t\t<\/div>\n\t\t\t\t<\/div>\n\t\t\t\t<div class=\"elementor-element elementor-element-7761f5b elementor-widget-divider--view-line elementor-widget elementor-widget-divider\" data-id=\"7761f5b\" data-element_type=\"widget\" data-widget_type=\"divider.default\">\n\t\t\t\t<div class=\"elementor-widget-container\">\n\t\t\t\t\t\t\t<div class=\"elementor-divider\">\n\t\t\t<span class=\"elementor-divider-separator\">\n\t\t\t\t\t\t<\/span>\n\t\t<\/div>\n\t\t\t\t\t\t<\/div>\n\t\t\t\t<\/div>\n\t\t\t\t<div class=\"elementor-element elementor-element-3f1e23e elementor-widget elementor-widget-heading\" data-id=\"3f1e23e\" data-element_type=\"widget\" data-widget_type=\"heading.default\">\n\t\t\t\t<div class=\"elementor-widget-container\">\n\t\t\t\t\t<h2 class=\"elementor-heading-title elementor-size-default\"><br>Zum Schluss \u00fcbernehmen Sie die Einstellungen.<\/h2>\t\t\t\t<\/div>\n\t\t\t\t<\/div>\n\t\t\t\t<div class=\"elementor-element elementor-element-6e3db34 elementor-widget elementor-widget-image\" data-id=\"6e3db34\" data-element_type=\"widget\" data-widget_type=\"image.default\">\n\t\t\t\t<div class=\"elementor-widget-container\">\n\t\t\t\t\t\t\t\t\t\t\t\t\t\t\t<img decoding=\"async\" width=\"227\" height=\"95\" src=\"https:\/\/dev-faq.dacor.de\/wp-content\/uploads\/2025\/01\/uebernehmen.png\" class=\"attachment-large size-large wp-image-119\" alt=\"\" \/>\t\t\t\t\t\t\t\t\t\t\t\t\t\t\t<\/div>\n\t\t\t\t<\/div>\n\t\t\t\t\t<\/div>\n\t\t\t\t<\/div>\n\t\t\t\t<\/div>\n\t\t","protected":false},"excerpt":{"rendered":"<p>Dr\u00fccken sie bei Verbindungseinstellungen auf &#8222;Verbindungseinstellungen \u00e4ndern&#8220; und tragen Sie bei &#8222;VLAN-ID&#8220; 7 ein. Pr\u00fcfen Sie ob folgendes eingetragen ist: VPI 1 und VCI 32. Zum Schluss \u00fcbernehmen Sie die Einstellungen.<\/p>\n","protected":false},"author":1,"featured_media":0,"parent":0,"menu_order":0,"comment_status":"closed","ping_status":"closed","template":"","meta":{"footnotes":""},"class_list":["post-101","page","type-page","status-publish","hentry"],"blocksy_meta":[],"_links":{"self":[{"href":"https:\/\/dev-faq.dacor.de\/index.php?rest_route=\/wp\/v2\/pages\/101","targetHints":{"allow":["GET"]}}],"collection":[{"href":"https:\/\/dev-faq.dacor.de\/index.php?rest_route=\/wp\/v2\/pages"}],"about":[{"href":"https:\/\/dev-faq.dacor.de\/index.php?rest_route=\/wp\/v2\/types\/page"}],"author":[{"embeddable":true,"href":"https:\/\/dev-faq.dacor.de\/index.php?rest_route=\/wp\/v2\/users\/1"}],"replies":[{"embeddable":true,"href":"https:\/\/dev-faq.dacor.de\/index.php?rest_route=%2Fwp%2Fv2%2Fcomments&post=101"}],"version-history":[{"count":7,"href":"https:\/\/dev-faq.dacor.de\/index.php?rest_route=\/wp\/v2\/pages\/101\/revisions"}],"predecessor-version":[{"id":174,"href":"https:\/\/dev-faq.dacor.de\/index.php?rest_route=\/wp\/v2\/pages\/101\/revisions\/174"}],"wp:attachment":[{"href":"https:\/\/dev-faq.dacor.de\/index.php?rest_route=%2Fwp%2Fv2%2Fmedia&parent=101"}],"curies":[{"name":"wp","href":"https:\/\/api.w.org\/{rel}","templated":true}]}}