{"id":103,"date":"2025-01-09T12:34:47","date_gmt":"2025-01-09T12:34:47","guid":{"rendered":"https:\/\/dev-faq.dacor.de\/?page_id=103"},"modified":"2025-01-27T09:14:46","modified_gmt":"2025-01-27T09:14:46","slug":"ich-habe-keinen-l2-anschluss","status":"publish","type":"page","link":"https:\/\/dev-faq.dacor.de\/?page_id=103","title":{"rendered":"Ich habe keinen l2 Anschluss"},"content":{"rendered":"\t\t<div data-elementor-type=\"wp-page\" data-elementor-id=\"103\" class=\"elementor elementor-103\">\n\t\t\t\t<div class=\"elementor-element elementor-element-a5d6546 e-flex e-con-boxed e-con e-parent\" data-id=\"a5d6546\" data-element_type=\"container\">\n\t\t\t\t\t<div class=\"e-con-inner\">\n\t\t\t\t<div class=\"elementor-element elementor-element-c6659e7 elementor-widget elementor-widget-heading\" data-id=\"c6659e7\" data-element_type=\"widget\" data-widget_type=\"heading.default\">\n\t\t\t\t<div class=\"elementor-widget-container\">\n\t\t\t\t\t<h2 class=\"elementor-heading-title elementor-size-default\">Dr\u00fccken Sie bei Verbindungseinstellungen auf \"Verbindungseinstellungen \u00e4ndern\" und pr\u00fcfen Sie ob folgendes eingetragen ist: VPI 1 und VCI 32.<\/h2>\t\t\t\t<\/div>\n\t\t\t\t<\/div>\n\t\t\t\t<div class=\"elementor-element elementor-element-7c4c929 elementor-widget elementor-widget-image\" data-id=\"7c4c929\" data-element_type=\"widget\" data-widget_type=\"image.default\">\n\t\t\t\t<div class=\"elementor-widget-container\">\n\t\t\t\t\t\t\t\t\t\t\t\t\t\t\t<img decoding=\"async\" width=\"299\" height=\"76\" src=\"https:\/\/dev-faq.dacor.de\/wp-content\/uploads\/2025\/01\/vpi.png\" class=\"attachment-large size-large wp-image-118\" alt=\"\" \/>\t\t\t\t\t\t\t\t\t\t\t\t\t\t\t<\/div>\n\t\t\t\t<\/div>\n\t\t\t\t<div class=\"elementor-element elementor-element-950ee2f elementor-widget-divider--view-line elementor-widget elementor-widget-divider\" data-id=\"950ee2f\" data-element_type=\"widget\" data-widget_type=\"divider.default\">\n\t\t\t\t<div class=\"elementor-widget-container\">\n\t\t\t\t\t\t\t<div class=\"elementor-divider\">\n\t\t\t<span class=\"elementor-divider-separator\">\n\t\t\t\t\t\t<\/span>\n\t\t<\/div>\n\t\t\t\t\t\t<\/div>\n\t\t\t\t<\/div>\n\t\t\t\t<div class=\"elementor-element elementor-element-057adf2 elementor-widget elementor-widget-heading\" data-id=\"057adf2\" data-element_type=\"widget\" data-widget_type=\"heading.default\">\n\t\t\t\t<div class=\"elementor-widget-container\">\n\t\t\t\t\t<h2 class=\"elementor-heading-title elementor-size-default\"><br>Zum Schluss \u00fcbernehmen Sie die Einstellungen.<\/h2>\t\t\t\t<\/div>\n\t\t\t\t<\/div>\n\t\t\t\t<div class=\"elementor-element elementor-element-76905aa elementor-widget elementor-widget-image\" data-id=\"76905aa\" data-element_type=\"widget\" data-widget_type=\"image.default\">\n\t\t\t\t<div class=\"elementor-widget-container\">\n\t\t\t\t\t\t\t\t\t\t\t\t\t\t\t<img decoding=\"async\" width=\"227\" height=\"95\" src=\"https:\/\/dev-faq.dacor.de\/wp-content\/uploads\/2025\/01\/uebernehmen.png\" class=\"attachment-large size-large wp-image-119\" alt=\"\" \/>\t\t\t\t\t\t\t\t\t\t\t\t\t\t\t<\/div>\n\t\t\t\t<\/div>\n\t\t\t\t\t<\/div>\n\t\t\t\t<\/div>\n\t\t\t\t<\/div>\n\t\t","protected":false},"excerpt":{"rendered":"<p>Dr\u00fccken Sie bei Verbindungseinstellungen auf &#8222;Verbindungseinstellungen \u00e4ndern&#8220; und pr\u00fcfen Sie ob folgendes eingetragen ist: VPI 1 und VCI 32. Zum Schluss \u00fcbernehmen Sie die Einstellungen.<\/p>\n","protected":false},"author":1,"featured_media":0,"parent":0,"menu_order":0,"comment_status":"closed","ping_status":"closed","template":"","meta":{"footnotes":""},"class_list":["post-103","page","type-page","status-publish","hentry"],"blocksy_meta":[],"_links":{"self":[{"href":"https:\/\/dev-faq.dacor.de\/index.php?rest_route=\/wp\/v2\/pages\/103","targetHints":{"allow":["GET"]}}],"collection":[{"href":"https:\/\/dev-faq.dacor.de\/index.php?rest_route=\/wp\/v2\/pages"}],"about":[{"href":"https:\/\/dev-faq.dacor.de\/index.php?rest_route=\/wp\/v2\/types\/page"}],"author":[{"embeddable":true,"href":"https:\/\/dev-faq.dacor.de\/index.php?rest_route=\/wp\/v2\/users\/1"}],"replies":[{"embeddable":true,"href":"https:\/\/dev-faq.dacor.de\/index.php?rest_route=%2Fwp%2Fv2%2Fcomments&post=103"}],"version-history":[{"count":7,"href":"https:\/\/dev-faq.dacor.de\/index.php?rest_route=\/wp\/v2\/pages\/103\/revisions"}],"predecessor-version":[{"id":177,"href":"https:\/\/dev-faq.dacor.de\/index.php?rest_route=\/wp\/v2\/pages\/103\/revisions\/177"}],"wp:attachment":[{"href":"https:\/\/dev-faq.dacor.de\/index.php?rest_route=%2Fwp%2Fv2%2Fmedia&parent=103"}],"curies":[{"name":"wp","href":"https:\/\/api.w.org\/{rel}","templated":true}]}}