{"id":133,"date":"2025-01-27T09:02:09","date_gmt":"2025-01-27T09:02:09","guid":{"rendered":"https:\/\/dev-faq.dacor.de\/?page_id=133"},"modified":"2025-01-28T15:01:59","modified_gmt":"2025-01-28T15:01:59","slug":"router-mit-glasfaserport-2","status":"publish","type":"page","link":"https:\/\/dev-faq.dacor.de\/?page_id=133","title":{"rendered":"Router mit Glasfaserport &#8211;"},"content":{"rendered":"\t\t<div data-elementor-type=\"wp-page\" data-elementor-id=\"133\" class=\"elementor elementor-133\">\n\t\t\t\t<div class=\"elementor-element elementor-element-6c358d7 e-flex e-con-boxed e-con e-parent\" data-id=\"6c358d7\" data-element_type=\"container\">\n\t\t\t\t\t<div class=\"e-con-inner\">\n\t\t\t\t<div class=\"elementor-element elementor-element-f8d6cd3 elementor-widget elementor-widget-heading\" data-id=\"f8d6cd3\" data-element_type=\"widget\" data-widget_type=\"heading.default\">\n\t\t\t\t<div class=\"elementor-widget-container\">\n\t\t\t\t\t<h2 class=\"elementor-heading-title elementor-size-default\">Pr\u00fcfen Sie ob bei Internetzugang \u00fcber \"Glasfaser\" ausgew\u00e4hlt ist.<\/h2>\t\t\t\t<\/div>\n\t\t\t\t<\/div>\n\t\t\t\t<div class=\"elementor-element elementor-element-08f7d54 elementor-widget elementor-widget-image\" data-id=\"08f7d54\" data-element_type=\"widget\" data-widget_type=\"image.default\">\n\t\t\t\t<div class=\"elementor-widget-container\">\n\t\t\t\t\t\t\t\t\t\t\t\t\t\t\t<img decoding=\"async\" width=\"201\" height=\"97\" src=\"https:\/\/dev-faq.dacor.de\/wp-content\/uploads\/2025\/01\/glasfaser.png\" class=\"attachment-large size-large wp-image-138\" alt=\"\" \/>\t\t\t\t\t\t\t\t\t\t\t\t\t\t\t<\/div>\n\t\t\t\t<\/div>\n\t\t\t\t<div class=\"elementor-element elementor-element-a50bb8d elementor-widget-divider--view-line elementor-widget elementor-widget-divider\" data-id=\"a50bb8d\" data-element_type=\"widget\" data-widget_type=\"divider.default\">\n\t\t\t\t<div class=\"elementor-widget-container\">\n\t\t\t\t\t\t\t<div class=\"elementor-divider\">\n\t\t\t<span class=\"elementor-divider-separator\">\n\t\t\t\t\t\t<\/span>\n\t\t<\/div>\n\t\t\t\t\t\t<\/div>\n\t\t\t\t<\/div>\n\t\t\t\t<div class=\"elementor-element elementor-element-5c84fc7 elementor-widget elementor-widget-heading\" data-id=\"5c84fc7\" data-element_type=\"widget\" data-widget_type=\"heading.default\">\n\t\t\t\t<div class=\"elementor-widget-container\">\n\t\t\t\t\t<h2 class=\"elementor-heading-title elementor-size-default\">W\u00e4hlen Sie bei Zugansdaten \"Nein\".<\/h2>\t\t\t\t<\/div>\n\t\t\t\t<\/div>\n\t\t\t\t<div class=\"elementor-element elementor-element-99c1383 elementor-widget elementor-widget-image\" data-id=\"99c1383\" data-element_type=\"widget\" data-widget_type=\"image.default\">\n\t\t\t\t<div class=\"elementor-widget-container\">\n\t\t\t\t\t\t\t\t\t\t\t\t\t\t\t<img decoding=\"async\" width=\"227\" height=\"120\" src=\"https:\/\/dev-faq.dacor.de\/wp-content\/uploads\/2025\/01\/zugan-2.png\" class=\"attachment-large size-large wp-image-139\" alt=\"\" \/>\t\t\t\t\t\t\t\t\t\t\t\t\t\t\t<\/div>\n\t\t\t\t<\/div>\n\t\t\t\t<div class=\"elementor-element elementor-element-01d0857 elementor-widget-divider--view-line elementor-widget elementor-widget-divider\" data-id=\"01d0857\" data-element_type=\"widget\" data-widget_type=\"divider.default\">\n\t\t\t\t<div class=\"elementor-widget-container\">\n\t\t\t\t\t\t\t<div class=\"elementor-divider\">\n\t\t\t<span class=\"elementor-divider-separator\">\n\t\t\t\t\t\t<\/span>\n\t\t<\/div>\n\t\t\t\t\t\t<\/div>\n\t\t\t\t<\/div>\n\t\t\t\t<div class=\"elementor-element elementor-element-0659b84 elementor-widget elementor-widget-heading\" data-id=\"0659b84\" data-element_type=\"widget\" data-widget_type=\"heading.default\">\n\t\t\t\t<div class=\"elementor-widget-container\">\n\t\t\t\t\t<h2 class=\"elementor-heading-title elementor-size-default\">Dr\u00fccken Sie bei \"Verbindungseinstellungen\" auf \"Verbindungseinstellungen \u00e4ndern\" und \u00e4ndern Sie bei \"\u00dcbertragungsgeschwindigkeit\" den Down- und Upstream auf 10000 Mbit\/s.<\/h2>\t\t\t\t<\/div>\n\t\t\t\t<\/div>\n\t\t\t\t<div class=\"elementor-element elementor-element-f4429be elementor-widget elementor-widget-image\" data-id=\"f4429be\" data-element_type=\"widget\" data-widget_type=\"image.default\">\n\t\t\t\t<div class=\"elementor-widget-container\">\n\t\t\t\t\t\t\t\t\t\t\t\t\t\t\t<img decoding=\"async\" width=\"299\" height=\"76\" src=\"https:\/\/dev-faq.dacor.de\/wp-content\/uploads\/2025\/01\/mbits.png\" class=\"attachment-large size-large wp-image-140\" alt=\"\" \/>\t\t\t\t\t\t\t\t\t\t\t\t\t\t\t<\/div>\n\t\t\t\t<\/div>\n\t\t\t\t<div class=\"elementor-element elementor-element-69b425d elementor-widget-divider--view-line elementor-widget elementor-widget-divider\" data-id=\"69b425d\" data-element_type=\"widget\" data-widget_type=\"divider.default\">\n\t\t\t\t<div class=\"elementor-widget-container\">\n\t\t\t\t\t\t\t<div class=\"elementor-divider\">\n\t\t\t<span class=\"elementor-divider-separator\">\n\t\t\t\t\t\t<\/span>\n\t\t<\/div>\n\t\t\t\t\t\t<\/div>\n\t\t\t\t<\/div>\n\t\t\t\t<div class=\"elementor-element elementor-element-a9aa8e9 elementor-widget elementor-widget-heading\" data-id=\"a9aa8e9\" data-element_type=\"widget\" data-widget_type=\"heading.default\">\n\t\t\t\t<div class=\"elementor-widget-container\">\n\t\t\t\t\t<h2 class=\"elementor-heading-title elementor-size-default\">Zum Schluss \u00fcbernehmen Sie die Einstellung<\/h2>\t\t\t\t<\/div>\n\t\t\t\t<\/div>\n\t\t\t\t<div class=\"elementor-element elementor-element-3aa6518 elementor-widget elementor-widget-image\" data-id=\"3aa6518\" data-element_type=\"widget\" data-widget_type=\"image.default\">\n\t\t\t\t<div class=\"elementor-widget-container\">\n\t\t\t\t\t\t\t\t\t\t\t\t\t\t\t<img loading=\"lazy\" decoding=\"async\" width=\"227\" height=\"95\" src=\"https:\/\/dev-faq.dacor.de\/wp-content\/uploads\/2025\/01\/uebernehmen-1.png\" class=\"attachment-large size-large wp-image-141\" alt=\"\" \/>\t\t\t\t\t\t\t\t\t\t\t\t\t\t\t<\/div>\n\t\t\t\t<\/div>\n\t\t\t\t\t<\/div>\n\t\t\t\t<\/div>\n\t\t\t\t<\/div>\n\t\t","protected":false},"excerpt":{"rendered":"<p>Pr\u00fcfen Sie ob bei Internetzugang \u00fcber &#8222;Glasfaser&#8220; ausgew\u00e4hlt ist. W\u00e4hlen Sie bei Zugansdaten &#8222;Nein&#8220;. Dr\u00fccken Sie bei &#8222;Verbindungseinstellungen&#8220; auf &#8222;Verbindungseinstellungen \u00e4ndern&#8220; und \u00e4ndern Sie bei &#8222;\u00dcbertragungsgeschwindigkeit&#8220; den Down- und Upstream auf 10000 Mbit\/s. Zum Schluss \u00fcbernehmen Sie die Einstellung<\/p>\n","protected":false},"author":1,"featured_media":0,"parent":0,"menu_order":0,"comment_status":"closed","ping_status":"closed","template":"","meta":{"footnotes":""},"class_list":["post-133","page","type-page","status-publish","hentry"],"blocksy_meta":[],"_links":{"self":[{"href":"https:\/\/dev-faq.dacor.de\/index.php?rest_route=\/wp\/v2\/pages\/133","targetHints":{"allow":["GET"]}}],"collection":[{"href":"https:\/\/dev-faq.dacor.de\/index.php?rest_route=\/wp\/v2\/pages"}],"about":[{"href":"https:\/\/dev-faq.dacor.de\/index.php?rest_route=\/wp\/v2\/types\/page"}],"author":[{"embeddable":true,"href":"https:\/\/dev-faq.dacor.de\/index.php?rest_route=\/wp\/v2\/users\/1"}],"replies":[{"embeddable":true,"href":"https:\/\/dev-faq.dacor.de\/index.php?rest_route=%2Fwp%2Fv2%2Fcomments&post=133"}],"version-history":[{"count":8,"href":"https:\/\/dev-faq.dacor.de\/index.php?rest_route=\/wp\/v2\/pages\/133\/revisions"}],"predecessor-version":[{"id":190,"href":"https:\/\/dev-faq.dacor.de\/index.php?rest_route=\/wp\/v2\/pages\/133\/revisions\/190"}],"wp:attachment":[{"href":"https:\/\/dev-faq.dacor.de\/index.php?rest_route=%2Fwp%2Fv2%2Fmedia&parent=133"}],"curies":[{"name":"wp","href":"https:\/\/api.w.org\/{rel}","templated":true}]}}