{"id":59,"date":"2025-01-09T10:22:13","date_gmt":"2025-01-09T10:22:13","guid":{"rendered":"https:\/\/dev-faq.dacor.de\/?page_id=59"},"modified":"2025-01-28T15:02:37","modified_gmt":"2025-01-28T15:02:37","slug":"router-ohne-glasfaserport","status":"publish","type":"page","link":"https:\/\/dev-faq.dacor.de\/?page_id=59","title":{"rendered":"Router ohne Glasfaserport"},"content":{"rendered":"\t\t<div data-elementor-type=\"wp-page\" data-elementor-id=\"59\" class=\"elementor elementor-59\">\n\t\t\t\t<div class=\"elementor-element elementor-element-16294ab e-flex e-con-boxed e-con e-parent\" data-id=\"16294ab\" data-element_type=\"container\">\n\t\t\t\t\t<div class=\"e-con-inner\">\n\t\t\t\t<div class=\"elementor-element elementor-element-7e4b19e elementor-widget elementor-widget-heading\" data-id=\"7e4b19e\" data-element_type=\"widget\" data-widget_type=\"heading.default\">\n\t\t\t\t<div class=\"elementor-widget-container\">\n\t\t\t\t\t<h2 class=\"elementor-heading-title elementor-size-default\">Schlie\u00dfen Sie ihren Router am Strom an und verbinden ihn mit ihrem Ger\u00e4t, anschlie\u00dfend \u00f6ffnen sie fritz.box in ihrem Browser<br><\/h2>\t\t\t\t<\/div>\n\t\t\t\t<\/div>\n\t\t\t\t<div class=\"elementor-element elementor-element-988e092 elementor-widget elementor-widget-image\" data-id=\"988e092\" data-element_type=\"widget\" data-widget_type=\"image.default\">\n\t\t\t\t<div class=\"elementor-widget-container\">\n\t\t\t\t\t\t\t\t\t\t\t\t\t\t\t<img decoding=\"async\" width=\"144\" height=\"47\" src=\"https:\/\/dev-faq.dacor.de\/wp-content\/uploads\/2025\/01\/Bild1.jpg\" class=\"attachment-large size-large wp-image-127\" alt=\"\" \/>\t\t\t\t\t\t\t\t\t\t\t\t\t\t\t<\/div>\n\t\t\t\t<\/div>\n\t\t\t\t<div class=\"elementor-element elementor-element-6d78b9f elementor-widget-divider--view-line elementor-widget elementor-widget-divider\" data-id=\"6d78b9f\" data-element_type=\"widget\" data-widget_type=\"divider.default\">\n\t\t\t\t<div class=\"elementor-widget-container\">\n\t\t\t\t\t\t\t<div class=\"elementor-divider\">\n\t\t\t<span class=\"elementor-divider-separator\">\n\t\t\t\t\t\t<\/span>\n\t\t<\/div>\n\t\t\t\t\t\t<\/div>\n\t\t\t\t<\/div>\n\t\t\t\t<div class=\"elementor-element elementor-element-3d147ec elementor-widget elementor-widget-heading\" data-id=\"3d147ec\" data-element_type=\"widget\" data-widget_type=\"heading.default\">\n\t\t\t\t<div class=\"elementor-widget-container\">\n\t\t\t\t\t<h2 class=\"elementor-heading-title elementor-size-default\">Geben sie nun das Kennwort ein das Sie auf der R\u00fcckseite ihres Routers finden<\/h2>\t\t\t\t<\/div>\n\t\t\t\t<\/div>\n\t\t\t\t\t<\/div>\n\t\t\t\t<\/div>\n\t\t<div class=\"elementor-element elementor-element-3fbbb46 e-flex e-con-boxed e-con e-parent\" data-id=\"3fbbb46\" data-element_type=\"container\">\n\t\t\t\t\t<div class=\"e-con-inner\">\n\t\t<div class=\"elementor-element elementor-element-dcb667b e-con-full e-flex e-con e-child\" data-id=\"dcb667b\" data-element_type=\"container\">\n\t\t\t\t<div class=\"elementor-element elementor-element-cbb1395 elementor-widget elementor-widget-image\" data-id=\"cbb1395\" data-element_type=\"widget\" data-widget_type=\"image.default\">\n\t\t\t\t<div class=\"elementor-widget-container\">\n\t\t\t\t\t\t\t\t\t\t\t\t\t\t\t<img fetchpriority=\"high\" decoding=\"async\" width=\"300\" height=\"199\" src=\"https:\/\/dev-faq.dacor.de\/wp-content\/uploads\/2025\/01\/box-300x199.png\" class=\"attachment-medium size-medium wp-image-129\" alt=\"\" srcset=\"https:\/\/dev-faq.dacor.de\/wp-content\/uploads\/2025\/01\/box-300x199.png 300w, https:\/\/dev-faq.dacor.de\/wp-content\/uploads\/2025\/01\/box.png 580w\" sizes=\"(max-width: 300px) 100vw, 300px\" \/>\t\t\t\t\t\t\t\t\t\t\t\t\t\t\t<\/div>\n\t\t\t\t<\/div>\n\t\t\t\t<\/div>\n\t\t<div class=\"elementor-element elementor-element-1e8285f e-con-full e-flex e-con e-child\" data-id=\"1e8285f\" data-element_type=\"container\">\n\t\t\t\t<div class=\"elementor-element elementor-element-d75eb46 elementor-widget elementor-widget-image\" data-id=\"d75eb46\" data-element_type=\"widget\" data-widget_type=\"image.default\">\n\t\t\t\t<div class=\"elementor-widget-container\">\n\t\t\t\t\t\t\t\t\t\t\t\t\t\t\t<img decoding=\"async\" width=\"300\" height=\"142\" src=\"https:\/\/dev-faq.dacor.de\/wp-content\/uploads\/2025\/01\/rueck-300x142.jpg\" class=\"attachment-medium size-medium wp-image-130\" alt=\"\" srcset=\"https:\/\/dev-faq.dacor.de\/wp-content\/uploads\/2025\/01\/rueck-300x142.jpg 300w, https:\/\/dev-faq.dacor.de\/wp-content\/uploads\/2025\/01\/rueck.jpg 580w\" sizes=\"(max-width: 300px) 100vw, 300px\" \/>\t\t\t\t\t\t\t\t\t\t\t\t\t\t\t<\/div>\n\t\t\t\t<\/div>\n\t\t\t\t<\/div>\n\t\t\t\t\t<\/div>\n\t\t\t\t<\/div>\n\t\t<div class=\"elementor-element elementor-element-9207c49 e-flex e-con-boxed e-con e-parent\" data-id=\"9207c49\" data-element_type=\"container\">\n\t\t\t\t\t<div class=\"e-con-inner\">\n\t\t\t\t<div class=\"elementor-element elementor-element-cb6ccb8 elementor-widget-divider--view-line elementor-widget elementor-widget-divider\" data-id=\"cb6ccb8\" data-element_type=\"widget\" data-widget_type=\"divider.default\">\n\t\t\t\t<div class=\"elementor-widget-container\">\n\t\t\t\t\t\t\t<div class=\"elementor-divider\">\n\t\t\t<span class=\"elementor-divider-separator\">\n\t\t\t\t\t\t<\/span>\n\t\t<\/div>\n\t\t\t\t\t\t<\/div>\n\t\t\t\t<\/div>\n\t\t\t\t<div class=\"elementor-element elementor-element-cba2a04 elementor-widget elementor-widget-heading\" data-id=\"cba2a04\" data-element_type=\"widget\" data-widget_type=\"heading.default\">\n\t\t\t\t<div class=\"elementor-widget-container\">\n\t\t\t\t\t<h2 class=\"elementor-heading-title elementor-size-default\">\u00d6ffnen Sie den Reiter Internet und klicken Sie dann auf Zugangsdaten<\/h2>\t\t\t\t<\/div>\n\t\t\t\t<\/div>\n\t\t\t\t<div class=\"elementor-element elementor-element-4b3622f elementor-widget elementor-widget-image\" data-id=\"4b3622f\" data-element_type=\"widget\" data-widget_type=\"image.default\">\n\t\t\t\t<div class=\"elementor-widget-container\">\n\t\t\t\t\t\t\t\t\t\t\t\t\t\t\t<img loading=\"lazy\" decoding=\"async\" width=\"252\" height=\"164\" src=\"https:\/\/dev-faq.dacor.de\/wp-content\/uploads\/2025\/01\/zugan.png\" class=\"attachment-large size-large wp-image-131\" alt=\"\" \/>\t\t\t\t\t\t\t\t\t\t\t\t\t\t\t<\/div>\n\t\t\t\t<\/div>\n\t\t\t\t<div class=\"elementor-element elementor-element-282f598 elementor-widget-divider--view-line elementor-widget elementor-widget-divider\" data-id=\"282f598\" data-element_type=\"widget\" data-widget_type=\"divider.default\">\n\t\t\t\t<div class=\"elementor-widget-container\">\n\t\t\t\t\t\t\t<div class=\"elementor-divider\">\n\t\t\t<span class=\"elementor-divider-separator\">\n\t\t\t\t\t\t<\/span>\n\t\t<\/div>\n\t\t\t\t\t\t<\/div>\n\t\t\t\t<\/div>\n\t\t\t\t<div class=\"elementor-element elementor-element-3f40495 elementor-widget elementor-widget-heading\" data-id=\"3f40495\" data-element_type=\"widget\" data-widget_type=\"heading.default\">\n\t\t\t\t<div class=\"elementor-widget-container\">\n\t\t\t\t\t<h2 class=\"elementor-heading-title elementor-size-default\">W\u00e4hlen Sie bei Internetanbieter \"weitere Internetanbieter\" und dann \"andere Internetanbieter\" Tragen Sie unter Name \"Dacor\" ein.<\/h2>\t\t\t\t<\/div>\n\t\t\t\t<\/div>\n\t\t\t\t<div class=\"elementor-element elementor-element-75703be elementor-widget elementor-widget-image\" data-id=\"75703be\" data-element_type=\"widget\" data-widget_type=\"image.default\">\n\t\t\t\t<div class=\"elementor-widget-container\">\n\t\t\t\t\t\t\t\t\t\t\t\t\t\t\t<img loading=\"lazy\" decoding=\"async\" width=\"304\" height=\"94\" src=\"https:\/\/dev-faq.dacor.de\/wp-content\/uploads\/2025\/01\/dacor.png\" class=\"attachment-large size-large wp-image-181\" alt=\"\" srcset=\"https:\/\/dev-faq.dacor.de\/wp-content\/uploads\/2025\/01\/dacor.png 304w, https:\/\/dev-faq.dacor.de\/wp-content\/uploads\/2025\/01\/dacor-300x93.png 300w\" sizes=\"(max-width: 304px) 100vw, 304px\" \/>\t\t\t\t\t\t\t\t\t\t\t\t\t\t\t<\/div>\n\t\t\t\t<\/div>\n\t\t\t\t<div class=\"elementor-element elementor-element-a5cd38a elementor-widget-divider--view-line elementor-widget elementor-widget-divider\" data-id=\"a5cd38a\" data-element_type=\"widget\" data-widget_type=\"divider.default\">\n\t\t\t\t<div class=\"elementor-widget-container\">\n\t\t\t\t\t\t\t<div class=\"elementor-divider\">\n\t\t\t<span class=\"elementor-divider-separator\">\n\t\t\t\t\t\t<\/span>\n\t\t<\/div>\n\t\t\t\t\t\t<\/div>\n\t\t\t\t<\/div>\n\t\t\t\t<div class=\"elementor-element elementor-element-0b209b9 elementor-align-center elementor-widget elementor-widget-button\" data-id=\"0b209b9\" data-element_type=\"widget\" data-widget_type=\"button.default\">\n\t\t\t\t<div class=\"elementor-widget-container\">\n\t\t\t\t\t\t\t\t\t<div class=\"elementor-button-wrapper\">\n\t\t\t\t\t<a class=\"elementor-button elementor-button-link elementor-size-sm\" href=\"https:\/\/dev-faq.dacor.de\/?page_id=183\">\n\t\t\t\t\t\t<span class=\"elementor-button-content-wrapper\">\n\t\t\t\t\t\t<span class=\"elementor-button-icon\">\n\t\t\t\t<svg aria-hidden=\"true\" class=\"e-font-icon-svg e-far-arrow-alt-circle-right\" viewBox=\"0 0 512 512\" xmlns=\"http:\/\/www.w3.org\/2000\/svg\"><path d=\"M504 256C504 119 393 8 256 8S8 119 8 256s111 248 248 248 248-111 248-248zm-448 0c0-110.5 89.5-200 200-200s200 89.5 200 200-89.5 200-200 200S56 366.5 56 256zm72 20v-40c0-6.6 5.4-12 12-12h116v-67c0-10.7 12.9-16 20.5-8.5l99 99c4.7 4.7 4.7 12.3 0 17l-99 99c-7.6 7.6-20.5 2.2-20.5-8.5v-67H140c-6.6 0-12-5.4-12-12z\"><\/path><\/svg>\t\t\t<\/span>\n\t\t\t\t\t\t\t\t\t<span class=\"elementor-button-text\">Weiter<\/span>\n\t\t\t\t\t<\/span>\n\t\t\t\t\t<\/a>\n\t\t\t\t<\/div>\n\t\t\t\t\t\t\t\t<\/div>\n\t\t\t\t<\/div>\n\t\t\t\t\t<\/div>\n\t\t\t\t<\/div>\n\t\t\t\t<\/div>\n\t\t","protected":false},"excerpt":{"rendered":"<p>Schlie\u00dfen Sie ihren Router am Strom an und verbinden ihn mit ihrem Ger\u00e4t, anschlie\u00dfend \u00f6ffnen sie fritz.box in ihrem Browser Geben sie nun das Kennwort ein das Sie auf der R\u00fcckseite ihres Routers finden \u00d6ffnen Sie den Reiter Internet und klicken Sie dann auf Zugangsdaten W\u00e4hlen Sie bei Internetanbieter &#8222;weitere Internetanbieter&#8220; und dann &#8222;andere Internetanbieter&#8220; [&hellip;]<\/p>\n","protected":false},"author":1,"featured_media":0,"parent":0,"menu_order":0,"comment_status":"closed","ping_status":"closed","template":"","meta":{"footnotes":""},"class_list":["post-59","page","type-page","status-publish","hentry"],"blocksy_meta":[],"_links":{"self":[{"href":"https:\/\/dev-faq.dacor.de\/index.php?rest_route=\/wp\/v2\/pages\/59","targetHints":{"allow":["GET"]}}],"collection":[{"href":"https:\/\/dev-faq.dacor.de\/index.php?rest_route=\/wp\/v2\/pages"}],"about":[{"href":"https:\/\/dev-faq.dacor.de\/index.php?rest_route=\/wp\/v2\/types\/page"}],"author":[{"embeddable":true,"href":"https:\/\/dev-faq.dacor.de\/index.php?rest_route=\/wp\/v2\/users\/1"}],"replies":[{"embeddable":true,"href":"https:\/\/dev-faq.dacor.de\/index.php?rest_route=%2Fwp%2Fv2%2Fcomments&post=59"}],"version-history":[{"count":7,"href":"https:\/\/dev-faq.dacor.de\/index.php?rest_route=\/wp\/v2\/pages\/59\/revisions"}],"predecessor-version":[{"id":193,"href":"https:\/\/dev-faq.dacor.de\/index.php?rest_route=\/wp\/v2\/pages\/59\/revisions\/193"}],"wp:attachment":[{"href":"https:\/\/dev-faq.dacor.de\/index.php?rest_route=%2Fwp%2Fv2%2Fmedia&parent=59"}],"curies":[{"name":"wp","href":"https:\/\/api.w.org\/{rel}","templated":true}]}}